{"id":17821,"date":"2026-03-17T20:09:54","date_gmt":"2026-03-17T23:09:54","guid":{"rendered":"https:\/\/spstatefilmcommission.org.br\/?page_id=17821"},"modified":"2026-03-18T17:57:52","modified_gmt":"2026-03-18T20:57:52","slug":"esqueci-minha-senha","status":"publish","type":"page","link":"https:\/\/spstatefilmcommission.org.br\/pt\/esqueci-minha-senha\/","title":{"rendered":"Esqueci Minha Senha"},"content":{"rendered":"\t\t<div data-elementor-type=\"wp-page\" data-elementor-id=\"17821\" class=\"elementor elementor-17821\" data-elementor-post-type=\"page\">\n\t\t\t\t<div class=\"elementor-element elementor-element-1f4037a e-con-full e-flex e-con e-parent\" data-id=\"1f4037a\" data-element_type=\"container\" data-e-type=\"container\">\n\t\t<div class=\"elementor-element elementor-element-1d3187f e-con-full e-flex e-con e-child\" data-id=\"1d3187f\" data-element_type=\"container\" data-e-type=\"container\" data-settings=\"{&quot;background_background&quot;:&quot;classic&quot;}\">\n\t\t<div class=\"elementor-element elementor-element-3bbd5a0 e-con-full e-flex e-con e-child\" data-id=\"3bbd5a0\" data-element_type=\"container\" data-e-type=\"container\">\n\t\t\t\t<div class=\"elementor-element elementor-element-1b0edb7 elementor-widget elementor-widget-image\" data-id=\"1b0edb7\" data-element_type=\"widget\" data-e-type=\"widget\" data-widget_type=\"image.default\">\n\t\t\t\t<div class=\"elementor-widget-container\">\n\t\t\t\t\t\t\t\t\t\t\t\t\t\t\t<img fetchpriority=\"high\" decoding=\"async\" width=\"302\" height=\"187\" src=\"https:\/\/spstatefilmcommission.org.br\/wp-content\/uploads\/2025\/04\/Ativo-1.webp\" class=\"attachment-medium_large size-medium_large wp-image-1577\" alt=\"\" srcset=\"https:\/\/spstatefilmcommission.org.br\/wp-content\/uploads\/2025\/04\/Ativo-1.webp 302w, https:\/\/spstatefilmcommission.org.br\/wp-content\/uploads\/2025\/04\/Ativo-1-300x186.webp 300w\" sizes=\"(max-width: 302px) 100vw, 302px\" \/>\t\t\t\t\t\t\t\t\t\t\t\t\t\t\t<\/div>\n\t\t\t\t<\/div>\n\t\t\t\t<\/div>\n\t\t<div class=\"elementor-element elementor-element-90b8c85 e-con-full e-flex e-con e-child\" data-id=\"90b8c85\" data-element_type=\"container\" data-e-type=\"container\">\n\t\t\t\t<div class=\"elementor-element elementor-element-9796e1e elementor-widget elementor-widget-heading\" data-id=\"9796e1e\" data-element_type=\"widget\" data-e-type=\"widget\" data-widget_type=\"heading.default\">\n\t\t\t\t<div class=\"elementor-widget-container\">\n\t\t\t\t\t<h2 class=\"elementor-heading-title elementor-size-default\">ESQUECI MINHA SENHA<\/h2>\t\t\t\t<\/div>\n\t\t\t\t<\/div>\n\t\t\t\t<div class=\"elementor-element elementor-element-c054b6b elementor-widget elementor-widget-heading\" data-id=\"c054b6b\" data-element_type=\"widget\" data-e-type=\"widget\" data-widget_type=\"heading.default\">\n\t\t\t\t<div class=\"elementor-widget-container\">\n\t\t\t\t\t<h2 class=\"elementor-heading-title elementor-size-default\">Insira o seu e-mail para receber instru\u00e7\u00f5es de altera\u00e7\u00e3o da senha por e-mail<\/h2>\t\t\t\t<\/div>\n\t\t\t\t<\/div>\n\t\t\t\t<div class=\"elementor-element elementor-element-5265b63 elementor-widget elementor-widget-shortcode\" data-id=\"5265b63\" data-element_type=\"widget\" data-e-type=\"widget\" data-widget_type=\"shortcode.default\">\n\t\t\t\t<div class=\"elementor-widget-container\">\n\t\t\t\t\t\t\t<div class=\"elementor-shortcode\">\n<div class=\"cwprf-form-container cwprf-lost-password-wrap\">\n\n    \n    <form method=\"post\" action=\"https:\/\/spstatefilmcommission.org.br\/esqueci-minha-senha\" class=\"cwprf-form cwprf-lost-password-form\">\n\n        <div class=\"cwprf-form-row\">\n            <input type=\"email\" name=\"user_login\" id=\"cwprf_user_login\" class=\"cwprf-input\" placeholder=\"Seu e-mail\" required autocomplete=\"email\" \/>\n        <\/div>\n\n        <input type=\"hidden\" id=\"cwprf_lost_password_nonce\" name=\"cwprf_lost_password_nonce\" value=\"90d254e99b\" \/><input type=\"hidden\" name=\"_wp_http_referer\" value=\"\/pt\/wp-json\/wp\/v2\/pages\/17821\" \/>        <input type=\"hidden\" name=\"action\" value=\"cwprf_lost_password_action\" \/>\n\n        <div class=\"cwprf-form-row form-submit\">\n            <button type=\"submit\" class=\"cwprf-button\">Enviar<\/button>\n        <\/div>\n\n    <\/form>\n\n    <\/div>\n<\/div>\n\t\t\t\t\t\t<\/div>\n\t\t\t\t<\/div>\n\t\t\t\t<\/div>\n\t\t\t\t<\/div>\n\t\t\t\t<\/div>\n\t\t\t\t<\/div>\n\t\t","protected":false},"excerpt":{"rendered":"<p>ESQUECI MINHA SENHA Insira o seu e-mail para receber instru\u00e7\u00f5es de altera\u00e7\u00e3o da senha por e-mail<\/p>\n","protected":false},"author":1,"featured_media":0,"parent":0,"menu_order":0,"comment_status":"closed","ping_status":"closed","template":"elementor_header_footer","meta":{"footnotes":""},"class_list":["post-17821","page","type-page","status-publish","hentry"],"_links":{"self":[{"href":"https:\/\/spstatefilmcommission.org.br\/pt\/wp-json\/wp\/v2\/pages\/17821","targetHints":{"allow":["GET"]}}],"collection":[{"href":"https:\/\/spstatefilmcommission.org.br\/pt\/wp-json\/wp\/v2\/pages"}],"about":[{"href":"https:\/\/spstatefilmcommission.org.br\/pt\/wp-json\/wp\/v2\/types\/page"}],"author":[{"embeddable":true,"href":"https:\/\/spstatefilmcommission.org.br\/pt\/wp-json\/wp\/v2\/users\/1"}],"replies":[{"embeddable":true,"href":"https:\/\/spstatefilmcommission.org.br\/pt\/wp-json\/wp\/v2\/comments?post=17821"}],"version-history":[{"count":25,"href":"https:\/\/spstatefilmcommission.org.br\/pt\/wp-json\/wp\/v2\/pages\/17821\/revisions"}],"predecessor-version":[{"id":17880,"href":"https:\/\/spstatefilmcommission.org.br\/pt\/wp-json\/wp\/v2\/pages\/17821\/revisions\/17880"}],"wp:attachment":[{"href":"https:\/\/spstatefilmcommission.org.br\/pt\/wp-json\/wp\/v2\/media?parent=17821"}],"curies":[{"name":"wp","href":"https:\/\/api.w.org\/{rel}","templated":true}]}}