{"id":11425,"date":"2025-07-29T06:54:41","date_gmt":"2025-07-29T09:54:41","guid":{"rendered":"https:\/\/spstatefilmcommission.org.br\/?page_id=11425"},"modified":"2026-03-25T15:33:44","modified_gmt":"2026-03-25T18:33:44","slug":"formulario-cadastro-de-usuarios","status":"publish","type":"page","link":"https:\/\/spstatefilmcommission.org.br\/pt\/formulario-cadastro-de-usuarios\/","title":{"rendered":"Formul\u00e1rio Cadastro de Usu\u00e1rios"},"content":{"rendered":"\t\t<div data-elementor-type=\"wp-page\" data-elementor-id=\"11425\" class=\"elementor elementor-11425\" data-elementor-post-type=\"page\">\n\t\t\t\t<div class=\"elementor-element elementor-element-17102764 e-flex e-con-boxed e-con e-parent\" data-id=\"17102764\" data-element_type=\"container\" data-e-type=\"container\">\n\t\t\t\t\t<div class=\"e-con-inner\">\n\t\t<div class=\"elementor-element elementor-element-6e14a12e e-con-full jedv-enabled--yes e-flex elementor-invisible e-con e-child\" data-id=\"6e14a12e\" data-element_type=\"container\" data-e-type=\"container\" data-settings=\"{&quot;background_background&quot;:&quot;classic&quot;,&quot;animation&quot;:&quot;fadeIn&quot;}\">\n\t\t<div class=\"elementor-element elementor-element-f416769 e-con-full e-flex e-con e-child\" data-id=\"f416769\" data-element_type=\"container\" data-e-type=\"container\" data-settings=\"{&quot;background_background&quot;:&quot;classic&quot;}\">\n\t\t\t\t<div class=\"elementor-element elementor-element-17013e87 elementor-widget__width-inherit elementor-widget elementor-widget-heading\" data-id=\"17013e87\" data-element_type=\"widget\" data-e-type=\"widget\" data-widget_type=\"heading.default\">\n\t\t\t\t<div class=\"elementor-widget-container\">\n\t\t\t\t\t<h2 class=\"elementor-heading-title elementor-size-default\">S\u00c3O PAULO STATE FILM COMMISSION<\/h2>\t\t\t\t<\/div>\n\t\t\t\t<\/div>\n\t\t\t\t<div class=\"elementor-element elementor-element-5c9f775 elementor-widget__width-inherit elementor-widget elementor-widget-heading\" data-id=\"5c9f775\" data-element_type=\"widget\" data-e-type=\"widget\" data-widget_type=\"heading.default\">\n\t\t\t\t<div class=\"elementor-widget-container\">\n\t\t\t\t\t<h2 class=\"elementor-heading-title elementor-size-default\">Cadastro de usu\u00e1rios<\/h2>\t\t\t\t<\/div>\n\t\t\t\t<\/div>\n\t\t\t\t<div class=\"elementor-element elementor-element-8025ee5 elementor-widget elementor-widget-text-editor\" data-id=\"8025ee5\" data-element_type=\"widget\" data-e-type=\"widget\" data-widget_type=\"text-editor.default\">\n\t\t\t\t<div class=\"elementor-widget-container\">\n\t\t\t\t\t\t\t\t\tCrie sua conta e aproveite tudo o que a S\u00e3o Paulo State Film Commission tem para voc\u00ea\t\t\t\t\t\t\t\t<\/div>\n\t\t\t\t<\/div>\n\t\t\t\t<\/div>\n\t\t\t\t<div class=\"elementor-element elementor-element-57465c4 elementor-widget__width-auto elementor-widget elementor-widget-jet-listing-dynamic-link\" data-id=\"57465c4\" data-element_type=\"widget\" data-e-type=\"widget\" data-widget_type=\"jet-listing-dynamic-link.default\">\n\t\t\t\t<div class=\"elementor-widget-container\">\n\t\t\t\t\t<div class=\"jet-listing jet-listing-dynamic-link\"><a href=\"\" class=\"jet-listing-dynamic-link__link\"><div class=\"jet-listing-dynamic-link__icon is-svg-icon\"><svg class=\"e-font-icon-svg e-fas-arrow-left\" aria-hidden=\"true\" viewBox=\"0 0 448 512\" xmlns=\"http:\/\/www.w3.org\/2000\/svg\"><path d=\"M257.5 445.1l-22.2 22.2c-9.4 9.4-24.6 9.4-33.9 0L7 273c-9.4-9.4-9.4-24.6 0-33.9L201.4 44.7c9.4-9.4 24.6-9.4 33.9 0l22.2 22.2c9.5 9.5 9.3 25-.4 34.3L136.6 216H424c13.3 0 24 10.7 24 24v32c0 13.3-10.7 24-24 24H136.6l120.5 114.8c9.8 9.3 10 24.8.4 34.3z\"><\/path><\/svg><\/div><span class=\"jet-listing-dynamic-link__label\">Voltar ao Dashboard<\/span><\/a><\/div>\t\t\t\t<\/div>\n\t\t\t\t<\/div>\n\t\t\t\t<div class=\"elementor-element elementor-element-72133804 elementor-widget__width-inherit elementor-widget elementor-widget-jet-form-builder-form\" data-id=\"72133804\" data-element_type=\"widget\" data-e-type=\"widget\" data-widget_type=\"jet-form-builder-form.default\">\n\t\t\t\t<div class=\"elementor-widget-container\">\n\t\t\t\t\t<link rel='stylesheet' id='wp-block-library-css' href='https:\/\/spstatefilmcommission.org.br\/wp-includes\/css\/dist\/block-library\/style.min.css?ver=6.9.4' type='text\/css' media='all' \/>\n<style id=\"jet-form-builder-11441-inline-css\"><\/style><form  class=\"jet-form-builder layout-column submit-type-reload\" action=\"https:\/\/spstatefilmcommission.org.br\/pt\/wp-json\/wp\/v2\/pages\/11425\/?oRwh3Z=JY7d2ReOlh&amp;method=reload\" method=\"POST\" data-form-id=\"11441\" data-layout=\"column\" enctype=\"multipart\/form-data\" novalidate=\"null\" ssr_validation_method=\"rest\"><input type=\"hidden\" id=\"_wpnonce\" name=\"_wpnonce\" value=\"334e451154\" \/><input type=\"hidden\" name=\"_wp_http_referer\" value=\"\/pt\/wp-json\/wp\/v2\/pages\/11425\" \/>\r\n<input type=\"hidden\" name=\"_jfb_current_render_states[]\" value=\"DEFAULT.STATE\" data-jfb-sync \/><input type=\"hidden\" class=\"jet-form-builder__field hidden-field\" name=\"_jet_engine_booking_form_id\" data-field-name=\"_jet_engine_booking_form_id\" value=\"11441\">\n<input type=\"hidden\" class=\"jet-form-builder__field hidden-field\" name=\"_jet_engine_refer\" data-field-name=\"_jet_engine_refer\" value=\"https:\/\/spstatefilmcommission.org.br\/pt\/wp-json\/wp\/v2\/pages\/11425\/\">\n<input type=\"hidden\" class=\"jet-form-builder__field hidden-field\" name=\"__queried_post_id\" data-field-name=\"__queried_post_id\" value=\"11425\">\n\n<div class=\"wp-block-columns is-layout-flex wp-container-core-columns-is-layout-9d6595d7 wp-block-columns-is-layout-flex\">\n<div class=\"wp-block-column is-layout-flow wp-block-column-is-layout-flow\"><div  class=\"jet-form-builder-row field-type-text-field\" >\n<div class=\"jet-form-builder__label\">\r\n<div class=\"jet-form-builder__label-text\">Nome <span class=\"jet-form-builder__required\">*<\/span><\/div><\/div><div class=\"jet-form-builder__field-wrap\">\n\t\t\t\t<input required=\"required\" name=\"nome_user\" id=\"nome_user\" type=\"text\" data-field-name=\"nome_user\" class=\"jet-form-builder__field text-field\" data-jfb-sync=\"null\" autocomplete=\"off_U2kPd4MX\">\n\t\t\t\t\t<\/div>\n<\/div><\/div>\n\n\n\n<div class=\"wp-block-column is-layout-flow wp-block-column-is-layout-flow\"><div  class=\"jet-form-builder-row field-type-text-field\" >\n<div class=\"jet-form-builder__label\">\r\n<div class=\"jet-form-builder__label-text\">Sobrenome <span class=\"jet-form-builder__required\">*<\/span><\/div><\/div><div class=\"jet-form-builder__field-wrap\">\n\t\t\t\t<input required=\"required\" name=\"sobrenome_user\" id=\"sobrenome_user\" type=\"text\" data-field-name=\"sobrenome_user\" class=\"jet-form-builder__field text-field\" data-jfb-sync=\"null\" autocomplete=\"off_QwIeuAKM\">\n\t\t\t\t\t<\/div>\n<\/div><\/div>\n\n\n\n<div class=\"wp-block-column is-layout-flow wp-block-column-is-layout-flow\"><div  class=\"jet-form-builder-row field-type-text-field\" >\n<div class=\"jet-form-builder__label\">\r\n<div class=\"jet-form-builder__label-text\">Telefone <span class=\"jet-form-builder__required\">*<\/span><\/div><\/div><div class=\"jet-form-builder__field-wrap\">\n\t\t\t\t<input required=\"required\" name=\"telefone_user\" id=\"telefone_user\" type=\"text\" data-field-name=\"telefone_user\" class=\"jet-form-builder__field text-field\" data-jfb-sync=\"null\" autocomplete=\"off_aYsqXEdU\">\n\t\t\t\t\t<\/div>\n<\/div><\/div>\n<\/div>\n\n\n\n<div class=\"wp-block-columns is-layout-flex wp-container-core-columns-is-layout-9d6595d7 wp-block-columns-is-layout-flex\">\n<div class=\"wp-block-column is-layout-flow wp-block-column-is-layout-flow\"><div  class=\"jet-form-builder-row field-type-text-field\" >\n<div class=\"jet-form-builder__label\">\r\n<div class=\"jet-form-builder__label-text\">Email <span class=\"jet-form-builder__required\">*<\/span><\/div><\/div><div class=\"jet-form-builder__field-wrap\">\n\t\t\t\t<input required=\"required\" name=\"email\" id=\"email\" type=\"email\" data-field-name=\"email\" class=\"jet-form-builder__field text-field\" data-jfb-sync=\"null\" autocomplete=\"off_lrVfC3uv\">\n\t\t\t\t\t<\/div>\n<\/div><\/div>\n\n\n\n<div class=\"wp-block-column is-layout-flow wp-block-column-is-layout-flow\"><div  class=\"jet-form-builder-row field-type-text-field\" >\n<div class=\"jet-form-builder__label\">\r\n<div class=\"jet-form-builder__label-text\">Senha <span class=\"jet-form-builder__required\">*<\/span><\/div><\/div><div class=\"jet-form-builder__field-wrap has-eye-icon\">\n\t\t\t\t<input required=\"required\" name=\"senhaa\" id=\"senhaa\" type=\"password\" data-field-name=\"senhaa\" class=\"jet-form-builder__field text-field\" data-jfb-sync=\"null\" autocomplete=\"off_fg8FA9jT\">\n\t\t\t\t\t<span\n\t\t\t\t\tclass=\"jfb-eye-icon seen\"\n\t\t\t\t\trole=\"button\"\n\t\t\t\t\ttabindex=\"0\"\n\t\t\t\t\tstyle=\"\"\n\t\t\t>\n\t\t\t\t<svg class=\"seen-icon\" viewBox=\"0 0 24 24\" xmlns=\"http:\/\/www.w3.org\/2000\/svg\" width=\"24\" height=\"24\" aria-hidden=\"true\" focusable=\"false\" fill=\"currentColor\"><path d=\"M3.99961 13C4.67043 13.3354 4.6703 13.3357 4.67017 13.3359L4.67298 13.3305C4.67621 13.3242 4.68184 13.3135 4.68988 13.2985C4.70595 13.2686 4.7316 13.2218 4.76695 13.1608C4.8377 13.0385 4.94692 12.8592 5.09541 12.6419C5.39312 12.2062 5.84436 11.624 6.45435 11.0431C7.67308 9.88241 9.49719 8.75 11.9996 8.75C14.502 8.75 16.3261 9.88241 17.5449 11.0431C18.1549 11.624 18.6061 12.2062 18.9038 12.6419C19.0523 12.8592 19.1615 13.0385 19.2323 13.1608C19.2676 13.2218 19.2933 13.2686 19.3093 13.2985C19.3174 13.3135 19.323 13.3242 19.3262 13.3305L19.3291 13.3359C19.3289 13.3357 19.3288 13.3354 19.9996 13C20.6704 12.6646 20.6703 12.6643 20.6701 12.664L20.6697 12.6632L20.6688 12.6614L20.6662 12.6563L20.6583 12.6408C20.6517 12.6282 20.6427 12.6108 20.631 12.5892C20.6078 12.5459 20.5744 12.4852 20.5306 12.4096C20.4432 12.2584 20.3141 12.0471 20.1423 11.7956C19.7994 11.2938 19.2819 10.626 18.5794 9.9569C17.1731 8.61759 14.9972 7.25 11.9996 7.25C9.00203 7.25 6.82614 8.61759 5.41987 9.9569C4.71736 10.626 4.19984 11.2938 3.85694 11.7956C3.68511 12.0471 3.55605 12.2584 3.4686 12.4096C3.42484 12.4852 3.39142 12.5459 3.36818 12.5892C3.35656 12.6108 3.34748 12.6282 3.34092 12.6408L3.33297 12.6563L3.33041 12.6614L3.32948 12.6632L3.32911 12.664C3.32894 12.6643 3.32879 12.6646 3.99961 13ZM11.9996 16C13.9326 16 15.4996 14.433 15.4996 12.5C15.4996 10.567 13.9326 9 11.9996 9C10.0666 9 8.49961 10.567 8.49961 12.5C8.49961 14.433 10.0666 16 11.9996 16Z\"><\/path><\/svg>\t\t\t\t<svg class=\"unseen-icon\" viewBox=\"0 0 24 24\" xmlns=\"http:\/\/www.w3.org\/2000\/svg\" width=\"24\" height=\"24\" aria-hidden=\"true\" focusable=\"false\" fill=\"currentColor\"><path d=\"M4.67 10.664s-2.09 1.11-2.917 1.582l.494.87 1.608-.914.002.002c.343.502.86 1.17 1.563 1.84.348.33.742.663 1.185.976L5.57 16.744l.858.515 1.02-1.701a9.1 9.1 0 0 0 4.051 1.18V19h1v-2.263a9.1 9.1 0 0 0 4.05-1.18l1.021 1.7.858-.514-1.034-1.723c.442-.313.837-.646 1.184-.977.703-.669 1.22-1.337 1.563-1.839l.002-.003 1.61.914.493-.87c-1.75-.994-2.918-1.58-2.918-1.58l-.003.005a8.29 8.29 0 0 1-.422.689 10.097 10.097 0 0 1-1.36 1.598c-1.218 1.16-3.042 2.293-5.544 2.293-2.503 0-4.327-1.132-5.546-2.293a10.099 10.099 0 0 1-1.359-1.599 8.267 8.267 0 0 1-.422-.689l-.003-.005Z\"><\/path><\/svg>\t\t\t<\/span>\n\t\t\t\t\t<\/div>\n<\/div><\/div>\n<\/div>\n\n\n<input type=\"hidden\" class=\"captcha-token\" name=\"_captcha_token\" value=\"\"\/><div  class=\"jet-form-builder-row field-type-submit-field\" >\n\t<div data-type=\"submit\" class=\"jet-form-builder__action-button-wrapper jet-form-builder__submit-wrap\">\n\t<button class=\"jet-form-builder__action-button jet-form-builder__submit submit-type-reload\" type=\"submit\">Cadastrar<\/button>\n\t<\/div>\n\t\n<\/div>\n\n\n<input type=\"hidden\" class=\"jet-form-builder__field hidden-field\" name=\"role\" data-field-name=\"role\" data-jfb-sync=\"null\">\n\n\n\n\n<p><\/p>\n\t<div class=\"jet-form-builder-messages-wrap\" data-form-id=\"11441\"><\/div>\n<\/form>\n\t\t\t\t<\/div>\n\t\t\t\t<\/div>\n\t\t<div class=\"elementor-element elementor-element-ae6369d e-con-full e-flex e-con e-child\" data-id=\"ae6369d\" data-element_type=\"container\" data-e-type=\"container\">\n\t\t\t\t<div class=\"elementor-element elementor-element-a94847f elementor-widget elementor-widget-heading\" data-id=\"a94847f\" data-element_type=\"widget\" data-e-type=\"widget\" data-widget_type=\"heading.default\">\n\t\t\t\t<div class=\"elementor-widget-container\">\n\t\t\t\t\t<h2 class=\"elementor-heading-title elementor-size-default\">J\u00e1 possui uma conta?\n\n<\/h2>\t\t\t\t<\/div>\n\t\t\t\t<\/div>\n\t\t\t\t<div class=\"elementor-element elementor-element-2d6f0c5 elementor-align-justify elementor-widget__width-auto elementor-widget elementor-widget-button\" data-id=\"2d6f0c5\" data-element_type=\"widget\" data-e-type=\"widget\" data-widget_type=\"button.default\">\n\t\t\t\t<div class=\"elementor-widget-container\">\n\t\t\t\t\t\t\t\t\t<div class=\"elementor-button-wrapper\">\n\t\t\t\t\t<a class=\"elementor-button elementor-button-link elementor-size-sm\" href=\"https:\/\/spstatefilmcommission.org.br\/pt\/pagina-de-login\/\">\n\t\t\t\t\t\t<span class=\"elementor-button-content-wrapper\">\n\t\t\t\t\t\t\t\t\t<span class=\"elementor-button-text\">Ir para o login<\/span>\n\t\t\t\t\t<\/span>\n\t\t\t\t\t<\/a>\n\t\t\t\t<\/div>\n\t\t\t\t\t\t\t\t<\/div>\n\t\t\t\t<\/div>\n\t\t\t\t<\/div>\n\t\t\t\t<div class=\"elementor-element elementor-element-6cab8823 elementor-widget elementor-widget-shortcode\" data-id=\"6cab8823\" data-element_type=\"widget\" data-e-type=\"widget\" data-widget_type=\"shortcode.default\">\n\t\t\t\t<div class=\"elementor-widget-container\">\n\t\t\t\t\t\t\t<div class=\"elementor-shortcode\"><!--span style=\"color: red; font-weight: bold;\">Role detectado: guest<\/span-->\n    <script type=\"text\/javascript\">\n        setTimeout(function() {\n            var roleInput = document.querySelector(\"input[name='role']\");\n            if (roleInput) {\n                roleInput.value = \"guest\";\n                console.log(\"Campo role preenchido com: guest\");\n            } else {\n                console.log(\"Campo input[name=role] n\u00e3o encontrado na p\u00e1gina\");\n            }\n        }, 500);\n    <\/script><\/div>\n\t\t\t\t\t\t<\/div>\n\t\t\t\t<\/div>\n\t\t\t\t<\/div>\n\t\t\t\t\t<\/div>\n\t\t\t\t<\/div>\n\t\t\t\t<\/div>\n\t\t","protected":false},"excerpt":{"rendered":"<p>S\u00c3O PAULO STATE FILM COMMISSION Cadastro de usu\u00e1rios Crie sua conta e aproveite tudo o que a S\u00e3o Paulo State Film Commission tem para voc\u00ea Voltar ao Dashboard Nome * Sobrenome * Telefone * Email * Senha * Cadastrar J\u00e1 possui uma conta? Ir para o login S\u00c3O PAULO STATE FILM COMMISSION Cadastro de usu\u00e1rios [&hellip;]<\/p>\n","protected":false},"author":1,"featured_media":0,"parent":0,"menu_order":0,"comment_status":"closed","ping_status":"closed","template":"elementor_header_footer","meta":{"footnotes":""},"class_list":["post-11425","page","type-page","status-publish","hentry"],"_links":{"self":[{"href":"https:\/\/spstatefilmcommission.org.br\/pt\/wp-json\/wp\/v2\/pages\/11425","targetHints":{"allow":["GET"]}}],"collection":[{"href":"https:\/\/spstatefilmcommission.org.br\/pt\/wp-json\/wp\/v2\/pages"}],"about":[{"href":"https:\/\/spstatefilmcommission.org.br\/pt\/wp-json\/wp\/v2\/types\/page"}],"author":[{"embeddable":true,"href":"https:\/\/spstatefilmcommission.org.br\/pt\/wp-json\/wp\/v2\/users\/1"}],"replies":[{"embeddable":true,"href":"https:\/\/spstatefilmcommission.org.br\/pt\/wp-json\/wp\/v2\/comments?post=11425"}],"version-history":[{"count":79,"href":"https:\/\/spstatefilmcommission.org.br\/pt\/wp-json\/wp\/v2\/pages\/11425\/revisions"}],"predecessor-version":[{"id":18076,"href":"https:\/\/spstatefilmcommission.org.br\/pt\/wp-json\/wp\/v2\/pages\/11425\/revisions\/18076"}],"wp:attachment":[{"href":"https:\/\/spstatefilmcommission.org.br\/pt\/wp-json\/wp\/v2\/media?parent=11425"}],"curies":[{"name":"wp","href":"https:\/\/api.w.org\/{rel}","templated":true}]}}