{"id":8547,"date":"2025-04-28T07:04:03","date_gmt":"2025-04-28T10:04:03","guid":{"rendered":"https:\/\/spstatefilmcommission.org.br\/?page_id=8547"},"modified":"2026-02-10T21:23:41","modified_gmt":"2026-02-11T00:23:41","slug":"contato","status":"publish","type":"page","link":"https:\/\/spstatefilmcommission.org.br\/en\/contato\/","title":{"rendered":"Contact"},"content":{"rendered":"\t\t<div data-elementor-type=\"wp-page\" data-elementor-id=\"8547\" class=\"elementor elementor-8547\" data-elementor-post-type=\"page\">\n\t\t\t\t<div class=\"elementor-element elementor-element-e829a7b e-con-full e-flex e-con e-parent\" data-id=\"e829a7b\" data-element_type=\"container\" data-e-type=\"container\">\n\t\t<div class=\"elementor-element elementor-element-19e8aea4 e-con-full e-flex e-con e-child\" data-id=\"19e8aea4\" data-element_type=\"container\" data-e-type=\"container\" data-settings=\"{&quot;background_background&quot;:&quot;classic&quot;}\">\n\t\t<div class=\"elementor-element elementor-element-3403877 e-con-full e-flex e-con e-child\" data-id=\"3403877\" data-element_type=\"container\" data-e-type=\"container\" id=\"div_contato\">\n\t\t\t\t<div class=\"elementor-element elementor-element-d2b118f elementor-widget elementor-widget-heading\" data-id=\"d2b118f\" data-element_type=\"widget\" data-e-type=\"widget\" data-widget_type=\"heading.default\">\n\t\t\t\t<div class=\"elementor-widget-container\">\n\t\t\t\t\t<h2 class=\"elementor-heading-title elementor-size-default\">Entre em contato<\/h2>\t\t\t\t<\/div>\n\t\t\t\t<\/div>\n\t\t\t\t<div class=\"elementor-element elementor-element-7aa9ed7d elementor-widget elementor-widget-text-editor\" data-id=\"7aa9ed7d\" data-element_type=\"widget\" data-e-type=\"widget\" data-widget_type=\"text-editor.default\">\n\t\t\t\t<div class=\"elementor-widget-container\">\n\t\t\t\t\t\t\t\t\t<p><strong>Preencha o formul\u00e1rio abaixo e em breve entraremos em contato com voc\u00ea!<\/strong><\/p>\t\t\t\t\t\t\t\t<\/div>\n\t\t\t\t<\/div>\n\t\t\t\t<div class=\"elementor-element elementor-element-6d4fad02 elementor-button-align-center elementor-widget elementor-widget-form\" data-id=\"6d4fad02\" data-element_type=\"widget\" data-e-type=\"widget\" data-settings=\"{&quot;step_next_label&quot;:&quot;Next&quot;,&quot;step_previous_label&quot;:&quot;Previous&quot;,&quot;button_width_tablet&quot;:&quot;100&quot;,&quot;button_width&quot;:&quot;100&quot;,&quot;step_type&quot;:&quot;number_text&quot;,&quot;step_icon_shape&quot;:&quot;circle&quot;}\" data-widget_type=\"form.default\">\n\t\t\t\t<div class=\"elementor-widget-container\">\n\t\t\t\t\t\t\t<form class=\"elementor-form\" method=\"post\" id=\"form_contato\" name=\"Contact Form\" aria-label=\"Contact Form\">\n\t\t\t<input type=\"hidden\" name=\"post_id\" value=\"8547\"\/>\n\t\t\t<input type=\"hidden\" name=\"form_id\" value=\"6d4fad02\"\/>\n\t\t\t<input type=\"hidden\" name=\"referer_title\" value=\"Contato - S\u00e3o Paulo State Film Commission\" \/>\n\n\t\t\t\t\t\t\t<input type=\"hidden\" name=\"queried_id\" value=\"8547\"\/>\n\t\t\t\n\t\t\t<div class=\"elementor-form-fields-wrapper elementor-labels-\">\n\t\t\t\t\t\t\t\t<div class=\"elementor-field-type-text elementor-field-group elementor-column elementor-field-group-name elementor-col-50 elementor-field-required\">\n\t\t\t\t\t\t\t\t\t\t\t\t<label for=\"form-field-name\" class=\"elementor-field-label elementor-screen-only\">\n\t\t\t\t\t\t\t\tNome completo\t\t\t\t\t\t\t<\/label>\n\t\t\t\t\t\t\t\t\t\t\t\t\t\t<input size=\"1\" type=\"text\" name=\"form_fields[name]\" id=\"form-field-name\" class=\"elementor-field elementor-size-md  elementor-field-textual\" placeholder=\"Nome completo\" required=\"required\">\n\t\t\t\t\t\t\t\t\t\t\t<\/div>\n\t\t\t\t\t\t\t\t<div class=\"elementor-field-type-email elementor-field-group elementor-column elementor-field-group-email elementor-col-50 elementor-md-50 elementor-field-required\">\n\t\t\t\t\t\t\t\t\t\t\t\t<label for=\"form-field-email\" class=\"elementor-field-label elementor-screen-only\">\n\t\t\t\t\t\t\t\tE-mail\t\t\t\t\t\t\t<\/label>\n\t\t\t\t\t\t\t\t\t\t\t\t\t\t<input size=\"1\" type=\"email\" name=\"form_fields[email]\" id=\"form-field-email\" class=\"elementor-field elementor-size-md  elementor-field-textual\" placeholder=\"E-mail\" required=\"required\">\n\t\t\t\t\t\t\t\t\t\t\t<\/div>\n\t\t\t\t\t\t\t\t<div class=\"elementor-field-type-select elementor-field-group elementor-column elementor-field-group-assunto elementor-col-50 elementor-md-50 elementor-field-required\">\n\t\t\t\t\t\t\t\t\t\t\t\t<label for=\"form-field-assunto\" class=\"elementor-field-label elementor-screen-only\">\n\t\t\t\t\t\t\t\tAssunto\t\t\t\t\t\t\t<\/label>\n\t\t\t\t\t\t\t\t<div class=\"elementor-field elementor-select-wrapper remove-before \">\n\t\t\t<div class=\"select-caret-down-wrapper\">\n\t\t\t\t<svg aria-hidden=\"true\" class=\"e-font-icon-svg e-eicon-caret-down\" viewBox=\"0 0 571.4 571.4\" xmlns=\"http:\/\/www.w3.org\/2000\/svg\"><path d=\"M571 393Q571 407 561 418L311 668Q300 679 286 679T261 668L11 418Q0 407 0 393T11 368 36 357H536Q550 357 561 368T571 393Z\"><\/path><\/svg>\t\t\t<\/div>\n\t\t\t<select name=\"form_fields[assunto]\" id=\"form-field-assunto\" class=\"elementor-field-textual elementor-size-md\" required=\"required\">\n\t\t\t\t\t\t\t\t\t<option value=\"\">Selecione um assunto<\/option>\n\t\t\t\t\t\t\t\t\t<option value=\"D\u00favidas\">D\u00favidas<\/option>\n\t\t\t\t\t\t\t\t\t<option value=\"Sugest\u00f5es e apontamentos\">Sugest\u00f5es e apontamentos<\/option>\n\t\t\t\t\t\t\t\t\t<option value=\"Informa\u00e7\u00f5es\">Informa\u00e7\u00f5es<\/option>\n\t\t\t\t\t\t\t\t\t<option value=\"N\u00e3o encontrei o que procuro\">N\u00e3o encontrei o que procuro<\/option>\n\t\t\t\t\t\t\t\t\t<option value=\"Alterar dados no cadastro\">Alterar dados no cadastro<\/option>\n\t\t\t\t\t\t\t\t\t<option value=\"Outros\">Outros<\/option>\n\t\t\t\t\t\t\t<\/select>\n\t\t<\/div>\n\t\t\t\t\t\t<\/div>\n\t\t\t\t\t\t\t\t<div class=\"elementor-field-type-tel elementor-field-group elementor-column elementor-field-group-tel elementor-col-50 elementor-md-50 elementor-field-required\">\n\t\t\t\t\t\t\t\t\t\t\t\t<label for=\"form-field-tel\" class=\"elementor-field-label elementor-screen-only\">\n\t\t\t\t\t\t\t\tTelefone\t\t\t\t\t\t\t<\/label>\n\t\t\t\t\t\t\t\t<input size=\"1\" type=\"tel\" name=\"form_fields[tel]\" id=\"form-field-tel\" class=\"elementor-field elementor-size-md  elementor-field-textual\" placeholder=\"Telefone\" required=\"required\" pattern=\"[0-9()#&amp;+*-=.]+\" title=\"Only numbers and phone characters (#, -, *, etc) are accepted.\">\n\n\t\t\t\t\t\t<\/div>\n\t\t\t\t\t\t\t\t<div class=\"elementor-field-type-textarea elementor-field-group elementor-column elementor-field-group-msg elementor-col-100\">\n\t\t\t\t\t\t\t\t\t\t\t\t<label for=\"form-field-msg\" class=\"elementor-field-label elementor-screen-only\">\n\t\t\t\t\t\t\t\tMensagem\t\t\t\t\t\t\t<\/label>\n\t\t\t\t\t\t<textarea class=\"elementor-field-textual elementor-field  elementor-size-md\" name=\"form_fields[msg]\" id=\"form-field-msg\" rows=\"4\" placeholder=\"Mensagem\"><\/textarea>\t\t\t\t<\/div>\n\t\t\t\t\t\t\t\t<div class=\"elementor-field-group elementor-column elementor-field-type-submit elementor-col-100 e-form__buttons elementor-md-100\">\n\t\t\t\t\t<button class=\"elementor-button elementor-size-md\" type=\"submit\">\n\t\t\t\t\t\t<span class=\"elementor-button-content-wrapper\">\n\t\t\t\t\t\t\t\t\t\t\t\t\t\t\t<span class=\"elementor-button-icon\">\n\t\t\t\t\t\t\t\t\t<svg aria-hidden=\"true\" class=\"e-font-icon-svg e-far-envelope\" viewBox=\"0 0 512 512\" xmlns=\"http:\/\/www.w3.org\/2000\/svg\"><path d=\"M464 64H48C21.49 64 0 85.49 0 112v288c0 26.51 21.49 48 48 48h416c26.51 0 48-21.49 48-48V112c0-26.51-21.49-48-48-48zm0 48v40.805c-22.422 18.259-58.168 46.651-134.587 106.49-16.841 13.247-50.201 45.072-73.413 44.701-23.208.375-56.579-31.459-73.413-44.701C106.18 199.465 70.425 171.067 48 152.805V112h416zM48 400V214.398c22.914 18.251 55.409 43.862 104.938 82.646 21.857 17.205 60.134 55.186 103.062 54.955 42.717.231 80.509-37.199 103.053-54.947 49.528-38.783 82.032-64.401 104.947-82.653V400H48z\"><\/path><\/svg>\t\t\t\t\t\t\t\t\t\t\t\t\t\t\t\t\t<\/span>\n\t\t\t\t\t\t\t\t\t\t\t\t\t\t\t\t\t\t\t\t\t\t<span class=\"elementor-button-text\">Enviar<\/span>\n\t\t\t\t\t\t\t\t\t\t\t\t\t<\/span>\n\t\t\t\t\t<\/button>\n\t\t\t\t<\/div>\n\t\t\t<\/div>\n\t\t<\/form>\n\t\t\t\t\t\t<\/div>\n\t\t\t\t<\/div>\n\t\t\t\t<\/div>\n\t\t\t\t<div class=\"elementor-element elementor-element-e9fe03d elementor-widget elementor-widget-html\" data-id=\"e9fe03d\" data-element_type=\"widget\" data-e-type=\"widget\" data-widget_type=\"html.default\">\n\t\t\t\t<div class=\"elementor-widget-container\">\n\t\t\t\t\t<script>\r\n   document.addEventListener('DOMContentLoaded', function() {\r\n      const form = document.getElementById('form_contato');  \/\/ Pega o formul\u00e1rio pelo ID\r\n      const divContato = document.getElementById('div_contato');  \/\/ Pega a div do contato\r\n      const successMessage = document.createElement('div');  \/\/ Cria a div para a mensagem de sucesso\r\n\r\n      successMessage.textContent = 'Enviado com sucesso. Breve entraremos em contato com voc\u00ea!';  \/\/ Define a mensagem\r\n      successMessage.style.display = 'none';  \/\/ Inicialmente escondemos a mensagem\r\n      successMessage.style.padding = '20px';\r\n      successMessage.style.textAlign = 'center';\r\n      successMessage.style.backgroundColor = '#fff';  \/\/ Fundo verde para destacar\r\n      successMessage.style.color = '#4CAF50';  \/\/ Texto branco\r\n      successMessage.style.fontSize = '1.4em';  \/\/ Tamanho da fonte 1.4em\r\n      successMessage.style.marginTop = '20px';\r\n      successMessage.style.border = '2px solid #4CAF50';  \/\/ Borda verde para dar destaque\r\n\r\n      \/\/ Insere a mensagem de sucesso depois da div_contato\r\n      divContato.parentNode.insertBefore(successMessage, divContato.nextSibling);\r\n\r\n      \/\/ Adiciona o ouvinte de evento de envio do formul\u00e1rio\r\n      form.addEventListener('submit', function(event) {\r\n         event.preventDefault();  \/\/ Previne o envio padr\u00e3o do formul\u00e1rio\r\n\r\n         \/\/ Aqui voc\u00ea pode fazer a l\u00f3gica de envio do formul\u00e1rio via Ajax, se necess\u00e1rio\r\n         \r\n         \/\/ Simulando o sucesso no envio (substitua com seu c\u00f3digo de sucesso real, se necess\u00e1rio)\r\n         setTimeout(function() {\r\n            form.style.display = 'none';  \/\/ Esconde o formul\u00e1rio\r\n            divContato.style.display = 'none';  \/\/ Esconde a div do contato\r\n            successMessage.style.display = 'block';  \/\/ Exibe a mensagem de sucesso\r\n         }, 1000);  \/\/ Simulando um delay de 1 segundo antes de mostrar a mensagem\r\n      });\r\n   });\r\n<\/script>\r\n\t\t\t\t<\/div>\n\t\t\t\t<\/div>\n\t\t\t\t<\/div>\n\t\t\t\t<\/div>\n\t\t\t\t<\/div>\n\t\t","protected":false},"excerpt":{"rendered":"<p>Entre em contato Preencha o formul\u00e1rio abaixo e em breve entraremos em contato com voc\u00ea!<\/p>","protected":false},"author":1,"featured_media":0,"parent":0,"menu_order":0,"comment_status":"closed","ping_status":"closed","template":"","meta":{"footnotes":""},"class_list":["post-8547","page","type-page","status-publish","hentry"],"_links":{"self":[{"href":"https:\/\/spstatefilmcommission.org.br\/en\/wp-json\/wp\/v2\/pages\/8547","targetHints":{"allow":["GET"]}}],"collection":[{"href":"https:\/\/spstatefilmcommission.org.br\/en\/wp-json\/wp\/v2\/pages"}],"about":[{"href":"https:\/\/spstatefilmcommission.org.br\/en\/wp-json\/wp\/v2\/types\/page"}],"author":[{"embeddable":true,"href":"https:\/\/spstatefilmcommission.org.br\/en\/wp-json\/wp\/v2\/users\/1"}],"replies":[{"embeddable":true,"href":"https:\/\/spstatefilmcommission.org.br\/en\/wp-json\/wp\/v2\/comments?post=8547"}],"version-history":[{"count":136,"href":"https:\/\/spstatefilmcommission.org.br\/en\/wp-json\/wp\/v2\/pages\/8547\/revisions"}],"predecessor-version":[{"id":17550,"href":"https:\/\/spstatefilmcommission.org.br\/en\/wp-json\/wp\/v2\/pages\/8547\/revisions\/17550"}],"wp:attachment":[{"href":"https:\/\/spstatefilmcommission.org.br\/en\/wp-json\/wp\/v2\/media?parent=8547"}],"curies":[{"name":"wp","href":"https:\/\/api.w.org\/{rel}","templated":true}]}}